{"id":97,"date":"2025-03-11T16:57:02","date_gmt":"2025-03-11T15:57:02","guid":{"rendered":"https:\/\/www.indretningskompagniet.dk\/?page_id=97"},"modified":"2025-03-11T16:57:02","modified_gmt":"2025-03-11T15:57:02","slug":"det-behoever-ikke-at-koste-en-bondegaard-at-opgradere-din-bolig","status":"publish","type":"page","link":"https:\/\/www.indretningskompagniet.dk\/?page_id=97","title":{"rendered":"Det beh\u00f8ver ikke at koste en bondeg\u00e5rd at opgradere din bolig!"},"content":{"rendered":"\n<div class=\"wp-block-group alignwide has-global-padding is-layout-constrained wp-block-group-is-layout-constrained\">\n<figure class=\"wp-block-image alignright size-large is-resized\"><img loading=\"lazy\" decoding=\"async\" width=\"768\" height=\"1024\" src=\"http:\/\/www.indretningskompagniet.dk\/wp-content\/uploads\/2025\/03\/sommer-2-768x1024.jpg\" alt=\"\" class=\"wp-image-26\" style=\"width:171px;height:auto\" srcset=\"https:\/\/www.indretningskompagniet.dk\/wp-content\/uploads\/2025\/03\/sommer-2-768x1024.jpg 768w, https:\/\/www.indretningskompagniet.dk\/wp-content\/uploads\/2025\/03\/sommer-2-225x300.jpg 225w, https:\/\/www.indretningskompagniet.dk\/wp-content\/uploads\/2025\/03\/sommer-2-1152x1536.jpg 1152w, https:\/\/www.indretningskompagniet.dk\/wp-content\/uploads\/2025\/03\/sommer-2.jpg 1536w\" sizes=\"auto, (max-width: 768px) 100vw, 768px\" \/><\/figure>\n\n\n\n<p class=\"has-medium-font-size\"><strong>Hvordan fungerer det:<\/strong><\/p>\n\n\n\n<p>Du f\u00e5r bes\u00f8g fra Indretningskompagniet<\/p>\n\n\n\n<p>Hvis muligt, laver vi research forud, der afd\u00e6kker din indretningsl\u00f8sning i dag<\/p>\n\n\n\n<p>Prisen inkluderer k\u00f8rsel til og fra adressen &#8211; landsd\u00e6kkende<\/p>\n\n\n\n<p>Vi bruger det n\u00f8dvendige antal timer i boligen, hvor dine indretnings \u00f8nsker og behov afd\u00e6kkes \u2013 herunder farver og stil, samt udv\u00e6lgelse af indretningsgenstande, nye s\u00e5vel som gamle.<\/p>\n\n\n\n<p>P\u00e5 den baggrund, udarbejder vi et forslag til fornyelsen af din boligs indretning. <\/p>\n\n\n\n<p>Med forslaget, har du en komplet plan og et overblik, s\u00e5 du selv kan g\u00e5 i gang. Eller du kan ogs\u00e5 hyre os til at gennemf\u00f8re planen for dig. <\/p>\n\n\n\n<p>N\u00e5r planen er lagt, kan vi ogs\u00e5 hj\u00e6lpe med indk\u00f8b af m\u00f8bler og interi\u00f8r nyt eller vintage\/genbrug, hvor du kan handle til favorable priser gennem vores kontakter.<\/p>\n\n\n\n<p class=\"has-text-align-left\"><strong>Hvad koster det:<\/strong><\/p>\n\n\n\n<p>Lille hus, sommerhus eller lejlighed (60 m2) koster 7.300,-<\/p>\n\n\n\n<p>Mellem hus, sommerhus eller lejlighed (100 m2) 8.500,-<\/p>\n\n\n\n<p>Stort hus,sommerhus eller lejlighed (150 m2) 10.000,-<\/p>\n\n\n\n<p><\/p>\n<\/div>\n\n\n\n<div class=\"wp-block-group alignfull has-global-padding is-layout-constrained wp-container-core-group-is-layout-b25ccd55 wp-block-group-is-layout-constrained\" style=\"margin-top:0;margin-bottom:0;padding-top:var(--wp--preset--spacing--50);padding-right:var(--wp--preset--spacing--50);padding-bottom:var(--wp--preset--spacing--50);padding-left:var(--wp--preset--spacing--50)\">\n<div class=\"wp-block-columns alignwide is-layout-flex wp-container-core-columns-is-layout-ff4b9c61 wp-block-columns-is-layout-flex\" style=\"margin-top:0;margin-bottom:0\">\n<div class=\"wp-block-column is-layout-flow wp-container-core-column-is-layout-8a368f38 wp-block-column-is-layout-flow\">\n<figure class=\"wp-block-image size-full is-style-rounded is-style-rounded--1\"><img loading=\"lazy\" decoding=\"async\" width=\"557\" height=\"407\" src=\"http:\/\/www.indretningskompagniet.dk\/wp-content\/uploads\/2025\/03\/guldsmed-2.jpg\" alt=\"\" class=\"wp-image-14\" style=\"aspect-ratio:4\/3;object-fit:cover\" srcset=\"https:\/\/www.indretningskompagniet.dk\/wp-content\/uploads\/2025\/03\/guldsmed-2.jpg 557w, https:\/\/www.indretningskompagniet.dk\/wp-content\/uploads\/2025\/03\/guldsmed-2-300x219.jpg 300w\" sizes=\"auto, (max-width: 557px) 100vw, 557px\" \/><\/figure>\n\n\n\n<div style=\"height:var(--wp--preset--spacing--50)\" aria-hidden=\"true\" class=\"wp-block-spacer\"><\/div>\n\n\n\n<figure class=\"wp-block-image size-full is-style-rounded is-style-rounded--2\"><img loading=\"lazy\" decoding=\"async\" width=\"648\" height=\"594\" src=\"http:\/\/www.indretningskompagniet.dk\/wp-content\/uploads\/2025\/03\/Stue-1-3.jpg\" alt=\"\" class=\"wp-image-80\" style=\"aspect-ratio:3\/4;object-fit:cover\" srcset=\"https:\/\/www.indretningskompagniet.dk\/wp-content\/uploads\/2025\/03\/Stue-1-3.jpg 648w, https:\/\/www.indretningskompagniet.dk\/wp-content\/uploads\/2025\/03\/Stue-1-3-300x275.jpg 300w\" sizes=\"auto, (max-width: 648px) 100vw, 648px\" \/><\/figure>\n\n\n\n<div style=\"height:var(--wp--preset--spacing--50)\" aria-hidden=\"true\" class=\"wp-block-spacer\"><\/div>\n\n\n\n<figure class=\"wp-block-image size-full is-style-rounded is-style-rounded--3\"><img loading=\"lazy\" decoding=\"async\" width=\"715\" height=\"705\" src=\"http:\/\/www.indretningskompagniet.dk\/wp-content\/uploads\/2025\/03\/entre-2.jpg\" alt=\"\" class=\"wp-image-10\" style=\"aspect-ratio:3\/4;object-fit:cover\" srcset=\"https:\/\/www.indretningskompagniet.dk\/wp-content\/uploads\/2025\/03\/entre-2.jpg 715w, https:\/\/www.indretningskompagniet.dk\/wp-content\/uploads\/2025\/03\/entre-2-300x296.jpg 300w\" sizes=\"auto, (max-width: 715px) 100vw, 715px\" \/><figcaption class=\"wp-element-caption\">Upcycling<\/figcaption><\/figure>\n<\/div>\n\n\n\n<div class=\"wp-block-column is-layout-flow wp-container-core-column-is-layout-8a368f38 wp-block-column-is-layout-flow\">\n<div style=\"height:var(--wp--preset--spacing--50)\" aria-hidden=\"true\" class=\"wp-block-spacer\"><\/div>\n\n\n\n<figure class=\"wp-block-image size-full is-style-rounded is-style-rounded--4\"><img loading=\"lazy\" decoding=\"async\" width=\"644\" height=\"639\" src=\"http:\/\/www.indretningskompagniet.dk\/wp-content\/uploads\/2025\/03\/office-1.jpg\" alt=\"\" class=\"wp-image-45\" style=\"aspect-ratio:3\/4;object-fit:cover\" srcset=\"https:\/\/www.indretningskompagniet.dk\/wp-content\/uploads\/2025\/03\/office-1.jpg 644w, https:\/\/www.indretningskompagniet.dk\/wp-content\/uploads\/2025\/03\/office-1-300x298.jpg 300w, https:\/\/www.indretningskompagniet.dk\/wp-content\/uploads\/2025\/03\/office-1-150x150.jpg 150w\" sizes=\"auto, (max-width: 644px) 100vw, 644px\" \/><figcaption class=\"wp-element-caption\">New Nordic\/Landlig stil<\/figcaption><\/figure>\n\n\n\n<div style=\"height:var(--wp--preset--spacing--50)\" aria-hidden=\"true\" class=\"wp-block-spacer\"><\/div>\n\n\n\n<figure class=\"wp-block-image size-full is-style-rounded is-style-rounded--5\"><img loading=\"lazy\" decoding=\"async\" width=\"536\" height=\"574\" src=\"http:\/\/www.indretningskompagniet.dk\/wp-content\/uploads\/2025\/03\/koekken-2.jpg\" alt=\"\" class=\"wp-image-41\" style=\"aspect-ratio:1;object-fit:cover\" srcset=\"https:\/\/www.indretningskompagniet.dk\/wp-content\/uploads\/2025\/03\/koekken-2.jpg 536w, https:\/\/www.indretningskompagniet.dk\/wp-content\/uploads\/2025\/03\/koekken-2-280x300.jpg 280w\" sizes=\"auto, (max-width: 536px) 100vw, 536px\" \/><figcaption class=\"wp-element-caption\">Landlig stil<\/figcaption><\/figure>\n\n\n\n<div style=\"height:var(--wp--preset--spacing--50)\" aria-hidden=\"true\" class=\"wp-block-spacer\"><\/div>\n\n\n\n<figure class=\"wp-block-image size-full is-style-rounded is-style-rounded--6\"><img loading=\"lazy\" decoding=\"async\" width=\"609\" height=\"663\" src=\"http:\/\/www.indretningskompagniet.dk\/wp-content\/uploads\/2025\/03\/C-2.jpg\" alt=\"\" class=\"wp-image-32\" style=\"aspect-ratio:1;object-fit:cover\" srcset=\"https:\/\/www.indretningskompagniet.dk\/wp-content\/uploads\/2025\/03\/C-2.jpg 609w, https:\/\/www.indretningskompagniet.dk\/wp-content\/uploads\/2025\/03\/C-2-276x300.jpg 276w\" sizes=\"auto, (max-width: 609px) 100vw, 609px\" \/><figcaption class=\"wp-element-caption\">Blandede stilarter<\/figcaption><\/figure>\n<\/div>\n\n\n\n<div class=\"wp-block-column is-layout-flow wp-container-core-column-is-layout-8a368f38 wp-block-column-is-layout-flow\">\n<figure class=\"wp-block-image size-full is-style-rounded is-style-rounded--7\"><img loading=\"lazy\" decoding=\"async\" width=\"496\" height=\"569\" src=\"http:\/\/www.indretningskompagniet.dk\/wp-content\/uploads\/2025\/03\/detalje-1.jpg\" alt=\"\" class=\"wp-image-39\" style=\"aspect-ratio:3\/4;object-fit:cover\" srcset=\"https:\/\/www.indretningskompagniet.dk\/wp-content\/uploads\/2025\/03\/detalje-1.jpg 496w, https:\/\/www.indretningskompagniet.dk\/wp-content\/uploads\/2025\/03\/detalje-1-262x300.jpg 262w\" sizes=\"auto, (max-width: 496px) 100vw, 496px\" \/><figcaption class=\"wp-element-caption\">Landlig stil<\/figcaption><\/figure>\n\n\n\n<div style=\"height:var(--wp--preset--spacing--50)\" aria-hidden=\"true\" class=\"wp-block-spacer\"><\/div>\n\n\n\n<figure class=\"wp-block-image size-full is-style-rounded is-style-rounded--8\"><img loading=\"lazy\" decoding=\"async\" width=\"477\" height=\"618\" src=\"http:\/\/www.indretningskompagniet.dk\/wp-content\/uploads\/2025\/03\/stue-2.jpg\" alt=\"\" class=\"wp-image-57\" style=\"aspect-ratio:3\/4;object-fit:cover\" srcset=\"https:\/\/www.indretningskompagniet.dk\/wp-content\/uploads\/2025\/03\/stue-2.jpg 477w, https:\/\/www.indretningskompagniet.dk\/wp-content\/uploads\/2025\/03\/stue-2-232x300.jpg 232w\" sizes=\"auto, (max-width: 477px) 100vw, 477px\" \/><figcaption class=\"wp-element-caption\">Landlig stil<\/figcaption><\/figure>\n\n\n\n<div style=\"height:var(--wp--preset--spacing--50)\" aria-hidden=\"true\" class=\"wp-block-spacer\"><\/div>\n\n\n\n<figure class=\"wp-block-image size-full is-style-rounded is-style-rounded--9\"><img loading=\"lazy\" decoding=\"async\" width=\"493\" height=\"524\" src=\"http:\/\/www.indretningskompagniet.dk\/wp-content\/uploads\/2025\/03\/Office-1-1.jpg\" alt=\"\" class=\"wp-image-55\" style=\"aspect-ratio:16\/9;object-fit:cover\" srcset=\"https:\/\/www.indretningskompagniet.dk\/wp-content\/uploads\/2025\/03\/Office-1-1.jpg 493w, https:\/\/www.indretningskompagniet.dk\/wp-content\/uploads\/2025\/03\/Office-1-1-282x300.jpg 282w\" sizes=\"auto, (max-width: 493px) 100vw, 493px\" \/><figcaption class=\"wp-element-caption\">Industrial\/New nordic stil<\/figcaption><\/figure>\n<\/div>\n\n\n\n<div class=\"wp-block-column is-layout-flow wp-container-core-column-is-layout-8a368f38 wp-block-column-is-layout-flow\">\n<div style=\"height:var(--wp--preset--spacing--50)\" aria-hidden=\"true\" class=\"wp-block-spacer\"><\/div>\n\n\n\n<figure class=\"wp-block-image size-full is-style-rounded is-style-rounded--10\"><img loading=\"lazy\" decoding=\"async\" width=\"269\" height=\"255\" src=\"http:\/\/www.indretningskompagniet.dk\/wp-content\/uploads\/2025\/03\/Logo-test.jpg\" alt=\"\" class=\"wp-image-18\" style=\"aspect-ratio:1;object-fit:cover\"\/><\/figure>\n\n\n\n<div style=\"height:var(--wp--preset--spacing--50)\" aria-hidden=\"true\" class=\"wp-block-spacer\"><\/div>\n\n\n\n<figure class=\"wp-block-image size-full is-style-rounded is-style-rounded--11\"><img loading=\"lazy\" decoding=\"async\" width=\"448\" height=\"475\" src=\"http:\/\/www.indretningskompagniet.dk\/wp-content\/uploads\/2025\/03\/stue-1-2.jpg\" alt=\"\" class=\"wp-image-56\" style=\"aspect-ratio:16\/9;object-fit:cover\" srcset=\"https:\/\/www.indretningskompagniet.dk\/wp-content\/uploads\/2025\/03\/stue-1-2.jpg 448w, https:\/\/www.indretningskompagniet.dk\/wp-content\/uploads\/2025\/03\/stue-1-2-283x300.jpg 283w\" sizes=\"auto, (max-width: 448px) 100vw, 448px\" \/><figcaption class=\"wp-element-caption\">Landlig\/new nordic stil<\/figcaption><\/figure>\n\n\n\n<div style=\"height:var(--wp--preset--spacing--50)\" aria-hidden=\"true\" class=\"wp-block-spacer\"><\/div>\n\n\n\n<figure class=\"wp-block-image size-full is-style-rounded is-style-rounded--12\"><img loading=\"lazy\" decoding=\"async\" width=\"765\" height=\"683\" src=\"http:\/\/www.indretningskompagniet.dk\/wp-content\/uploads\/2025\/03\/Koekken-1-2.jpg\" alt=\"\" class=\"wp-image-53\" style=\"aspect-ratio:9\/16;object-fit:cover\" srcset=\"https:\/\/www.indretningskompagniet.dk\/wp-content\/uploads\/2025\/03\/Koekken-1-2.jpg 765w, https:\/\/www.indretningskompagniet.dk\/wp-content\/uploads\/2025\/03\/Koekken-1-2-300x268.jpg 300w\" sizes=\"auto, (max-width: 765px) 100vw, 765px\" \/><figcaption class=\"wp-element-caption\">New nordic<\/figcaption><\/figure>\n<\/div>\n<\/div>\n<\/div>\n","protected":false},"excerpt":{"rendered":"<p>Hvordan fungerer det: Du f\u00e5r bes\u00f8g fra Indretningskompagniet Hvis muligt, laver vi research forud, der afd\u00e6kker din indretningsl\u00f8sning i dag Prisen inkluderer k\u00f8rsel til og fra adressen &#8211; landsd\u00e6kkende Vi bruger det n\u00f8dvendige antal timer i boligen, hvor dine indretnings \u00f8nsker og behov afd\u00e6kkes \u2013 herunder farver og stil, samt udv\u00e6lgelse af indretningsgenstande, nye s\u00e5vel [&hellip;]<\/p>\n","protected":false},"author":2,"featured_media":0,"parent":0,"menu_order":0,"comment_status":"closed","ping_status":"closed","template":"","meta":{"footnotes":""},"class_list":["post-97","page","type-page","status-publish","hentry"],"_links":{"self":[{"href":"https:\/\/www.indretningskompagniet.dk\/index.php?rest_route=\/wp\/v2\/pages\/97","targetHints":{"allow":["GET"]}}],"collection":[{"href":"https:\/\/www.indretningskompagniet.dk\/index.php?rest_route=\/wp\/v2\/pages"}],"about":[{"href":"https:\/\/www.indretningskompagniet.dk\/index.php?rest_route=\/wp\/v2\/types\/page"}],"author":[{"embeddable":true,"href":"https:\/\/www.indretningskompagniet.dk\/index.php?rest_route=\/wp\/v2\/users\/2"}],"replies":[{"embeddable":true,"href":"https:\/\/www.indretningskompagniet.dk\/index.php?rest_route=%2Fwp%2Fv2%2Fcomments&post=97"}],"version-history":[{"count":2,"href":"https:\/\/www.indretningskompagniet.dk\/index.php?rest_route=\/wp\/v2\/pages\/97\/revisions"}],"predecessor-version":[{"id":102,"href":"https:\/\/www.indretningskompagniet.dk\/index.php?rest_route=\/wp\/v2\/pages\/97\/revisions\/102"}],"wp:attachment":[{"href":"https:\/\/www.indretningskompagniet.dk\/index.php?rest_route=%2Fwp%2Fv2%2Fmedia&parent=97"}],"curies":[{"name":"wp","href":"https:\/\/api.w.org\/{rel}","templated":true}]}}